{"id":1078,"date":"2016-03-07T17:11:12","date_gmt":"2016-03-07T16:11:12","guid":{"rendered":"http:\/\/www.nextstepmedias.fr\/?page_id=1078"},"modified":"2020-03-03T23:14:02","modified_gmt":"2020-03-03T22:14:02","slug":"video","status":"publish","type":"page","link":"https:\/\/dev0.vincentgirard.fr\/?page_id=1078","title":{"rendered":"Vid\u00e9o"},"content":{"rendered":"\n<p>Depuis 2019, j&rsquo;assure la r\u00e9alisation de la r\u00e9p\u00e9tition et du direct des \u00ab\u00a0webinars\u00a0\u00bb de l&rsquo;<a href=\"https:\/\/www.escardio.org\/\">European Society of Cardiology (ESC)<\/a>.<\/p>\n\n\n\n<ul><li>Installation et c\u00e2blage de la r\u00e9gie<\/li><li>Cr\u00e9ation des synth\u00e9s des intervenants<\/li><li>Direction photo<\/li><li>R\u00e9glages de l&rsquo;\u00e9clairage LED avec console DMX suivant la configuration.<\/li><li>R\u00e9glage du son<\/li><li>Lancement des g\u00e9n\u00e9riques<\/li><li>Mixage audio et vid\u00e9o des intervenants<\/li><li>Choix des plans <\/li><li>Passage des synth\u00e9s<\/li><li>Gestion du cadreur<\/li><\/ul>\n\n\n<p>De 2015 \u00e0 2019, j&rsquo;ai assur\u00e9 le tournage de ces \u00e9missions. Au sein de l&rsquo;\u00e9quipe, je suis intervenu en tant que r\u00e9gisseur plateau et cadreur.<\/p>\n<p>Avant le webinar<\/p>\n<ul>\n<li>Installation des cam\u00e9ras (4 en g\u00e9n\u00e9ral).<\/li>\n<li>Choix des angles de vues et des cadrages<\/li>\n<li>Balance des blancs.<\/li>\n<li>Installation des intervenants \u00e0 leur place, pose les micros-cravate, v\u00e9rification en lien avec la r\u00e9gie que les micros sont bien op\u00e9rationnels.<\/li>\n<li>Participation au brief et au d\u00e9brief (en anglais).<\/li>\n<\/ul>\n<p>Durant le webinar r\u00e9p\u00e9tition et en direct<\/p>\n<ul>\n<li>Lancement des intervenants.<\/li>\n<li>Contr\u00f4le du prompteur.<\/li>\n<li>Contr\u00f4le permanent des 4 cam\u00e9ras, (cadrage, focus, ouverture\u2026).<\/li>\n<li>Gestion de la cam\u00e9ra travelling, soit en proposant des plans vari\u00e9s, soit en faisant un travelling du plateau.<\/li>\n<li>Proposition d\u00e8s que c&rsquo;est possible et fonction du d\u00e9cor, de nouveaux plans sur les cam\u00e9ras fixes.<\/li>\n<li>Petites interventions en direct, hors champ cam\u00e9ra.<\/li>\n<\/ul>\n<p>Par ailleurs, j&rsquo;assure aussi la mission de cadreur vid\u00e9o pour d&rsquo;autres \u00e9v\u00e9nements<\/p>\n<ul>\n<li>Op\u00e9rateur cam\u00e9ra fixe, travelling, grue.<\/li>\n<\/ul>\n<p>La plupart de ces prestations sont assur\u00e9es pour le compte de la soci\u00e9t\u00e9 <a href=\"http:\/\/www.fgmedias.com\" target=\"_blank\" rel=\"noopener noreferrer\" data-wplink-edit=\"true\">FG Prod<\/a><\/p>\n\n\n<p><\/p>\n","protected":false},"excerpt":{"rendered":"<p>Depuis 2019, j&rsquo;assure la r\u00e9alisation de la r\u00e9p\u00e9tition et du direct des \u00ab\u00a0webinars\u00a0\u00bb de l&rsquo;European Society of Cardiology (ESC). Installation et c\u00e2blage de la r\u00e9gie Cr\u00e9ation des synth\u00e9s des intervenants Direction photo R\u00e9glages de l&rsquo;\u00e9clairage LED avec console DMX suivant la configuration. R\u00e9glage du son Lancement des g\u00e9n\u00e9riques Mixage audio et vid\u00e9o des intervenants Choix [&hellip;]<\/p>\n","protected":false},"author":1,"featured_media":0,"parent":0,"menu_order":2,"comment_status":"closed","ping_status":"open","template":"","meta":{"_exactmetrics_skip_tracking":false,"_exactmetrics_sitenote_active":false,"_exactmetrics_sitenote_note":"","_exactmetrics_sitenote_category":0,"footnotes":""},"_links":{"self":[{"href":"https:\/\/dev0.vincentgirard.fr\/index.php?rest_route=\/wp\/v2\/pages\/1078"}],"collection":[{"href":"https:\/\/dev0.vincentgirard.fr\/index.php?rest_route=\/wp\/v2\/pages"}],"about":[{"href":"https:\/\/dev0.vincentgirard.fr\/index.php?rest_route=\/wp\/v2\/types\/page"}],"author":[{"embeddable":true,"href":"https:\/\/dev0.vincentgirard.fr\/index.php?rest_route=\/wp\/v2\/users\/1"}],"replies":[{"embeddable":true,"href":"https:\/\/dev0.vincentgirard.fr\/index.php?rest_route=%2Fwp%2Fv2%2Fcomments&post=1078"}],"version-history":[{"count":0,"href":"https:\/\/dev0.vincentgirard.fr\/index.php?rest_route=\/wp\/v2\/pages\/1078\/revisions"}],"wp:attachment":[{"href":"https:\/\/dev0.vincentgirard.fr\/index.php?rest_route=%2Fwp%2Fv2%2Fmedia&parent=1078"}],"curies":[{"name":"wp","href":"https:\/\/api.w.org\/{rel}","templated":true}]}}