{"id":1086,"date":"2016-03-07T17:14:07","date_gmt":"2016-03-07T16:14:07","guid":{"rendered":"http:\/\/www.nextstepmedias.fr\/?page_id=1086"},"modified":"2020-02-11T23:33:59","modified_gmt":"2020-02-11T22:33:59","slug":"autres","status":"publish","type":"page","link":"https:\/\/dev0.vincentgirard.fr\/?page_id=1086","title":{"rendered":"Autres"},"content":{"rendered":"<p>Toujours d\u00e9sireux de faire avancer les choses dans le bon sens, je me suis souvent propos\u00e9 pour proc\u00e9der \u00e0 l&rsquo;am\u00e9lioration de choses pouvant l&rsquo;\u00eatre, dans la mesure de mes comp\u00e9tences.<\/p>\n<p>\u2022 Ainsi pour le magazine Cabines, \u00e0 mes d\u00e9buts, j&rsquo;ai enti\u00e8rement refait la base de donn\u00e9es abonn\u00e9s sous FileMakerPro afin d&rsquo;en faire un outil pratique et facile d&rsquo;utilisation.<\/p>\n<p>\u2022 Pour am\u00e9liorer l&rsquo;image un peu vieillissante du magazine, j&rsquo;ai cr\u00e9\u00e9 le nouveau logo Cabines.<\/p>\n<p>\u2022 Avec l&rsquo;augmentation du personnel, j&rsquo;ai cr\u00e9\u00e9 et mis en place l&rsquo;architecture et l&rsquo;infrastructure du r\u00e9seau (MacOSX Server et pose des c\u00e2bles ethernet).<\/p>\n<p>\u2022 Dans le but d&rsquo;am\u00e9liorer la tra\u00e7abilit\u00e9 et la productivit\u00e9, j&rsquo;ai cr\u00e9\u00e9 et mis en place un gestionnaire de magazines, accessible par tous les membres de l&rsquo;\u00e9quipe (r\u00e9daction, publicit\u00e9, maquette), permettant de conna\u00eetre en temps r\u00e9el l&rsquo;avancement du magazine en cours.<\/p>\n<p>\u2022 Pour le magazine Proform, je me suis propos\u00e9 pour reprendre la ligne r\u00e9dactionnelle du magazine qui \u00e9tait devenue un peu floue. \u00c0 ce titre, j&rsquo;ai restructur\u00e9 le magazine et command\u00e9 les articles.<\/p>\n<p>\u2022 Sur le salon Mondial Spa et Beaut\u00e9, je me suis toujours rendu disponible afin d&rsquo;assister toutes les personnes en demande. Le reste du temps, j&rsquo;ai assur\u00e9 des reportages photos.<\/p>\n<p>\u2022 Pour la soci\u00e9t\u00e9 FGMedias, cr\u00e9ation et mise en place d&rsquo;un CRM sous FileMakerPro<\/p>\n<p>\u2022 Pour le studio WebTV de FGMedias, j&rsquo;ai am\u00e9lior\u00e9 la partie technique, permettant ainsi une plus grande souplesse d&rsquo;utilisation.<\/p>\n<p>\u2022 Montage de structures (pont lumi\u00e8re) pour le compte de FG Medias.<\/p>\n<p>\u2022 A titre personnel, je pratique la photo (<a href=\"http:\/\/galerie.vincentgirard.fr\" target=\"_blank\" rel=\"noopener noreferrer\">ici<\/a>).<\/p>\n<p>\u2022 Je con\u00e7ois des pi\u00e8ces pour r\u00e9paration et\/ou am\u00e9lioration et je les imprime sur une imprimante 3D que j&rsquo;ai assembl\u00e9e.<\/p>\n<p>\u2022 Je cr\u00e9e mes propres sites internet sur WordPress que j&rsquo;h\u00e9berge chez moi.<\/p>\n","protected":false},"excerpt":{"rendered":"<p>Toujours d\u00e9sireux de faire avancer les choses dans le bon sens, je me suis souvent propos\u00e9 pour proc\u00e9der \u00e0 l&rsquo;am\u00e9lioration de choses pouvant l&rsquo;\u00eatre, dans la mesure de mes comp\u00e9tences. \u2022 Ainsi pour le magazine Cabines, \u00e0 mes d\u00e9buts, j&rsquo;ai enti\u00e8rement refait la base de donn\u00e9es abonn\u00e9s sous FileMakerPro afin d&rsquo;en faire un outil pratique [&hellip;]<\/p>\n","protected":false},"author":1,"featured_media":0,"parent":0,"menu_order":4,"comment_status":"closed","ping_status":"open","template":"","meta":{"_exactmetrics_skip_tracking":false,"_exactmetrics_sitenote_active":false,"_exactmetrics_sitenote_note":"","_exactmetrics_sitenote_category":0,"footnotes":""},"_links":{"self":[{"href":"https:\/\/dev0.vincentgirard.fr\/index.php?rest_route=\/wp\/v2\/pages\/1086"}],"collection":[{"href":"https:\/\/dev0.vincentgirard.fr\/index.php?rest_route=\/wp\/v2\/pages"}],"about":[{"href":"https:\/\/dev0.vincentgirard.fr\/index.php?rest_route=\/wp\/v2\/types\/page"}],"author":[{"embeddable":true,"href":"https:\/\/dev0.vincentgirard.fr\/index.php?rest_route=\/wp\/v2\/users\/1"}],"replies":[{"embeddable":true,"href":"https:\/\/dev0.vincentgirard.fr\/index.php?rest_route=%2Fwp%2Fv2%2Fcomments&post=1086"}],"version-history":[{"count":0,"href":"https:\/\/dev0.vincentgirard.fr\/index.php?rest_route=\/wp\/v2\/pages\/1086\/revisions"}],"wp:attachment":[{"href":"https:\/\/dev0.vincentgirard.fr\/index.php?rest_route=%2Fwp%2Fv2%2Fmedia&parent=1086"}],"curies":[{"name":"wp","href":"https:\/\/api.w.org\/{rel}","templated":true}]}}