{"id":7011,"date":"2020-02-10T12:52:28","date_gmt":"2020-02-10T11:52:28","guid":{"rendered":"https:\/\/www.vincentgirard.fr\/?page_id=7011"},"modified":"2023-12-11T10:31:38","modified_gmt":"2023-12-11T09:31:38","slug":"logiciels-2","status":"publish","type":"page","link":"https:\/\/dev0.vincentgirard.fr\/?page_id=7011","title":{"rendered":"Logiciels"},"content":{"rendered":"\n<p>J&rsquo;utilise et je ma\u00eetrise \u00e0 des degr\u00e9s divers, les logiciels suivants<\/p>\n\n\n\n<div class=\"wp-block-columns is-layout-flex wp-container-core-columns-is-layout-1 wp-block-columns-is-layout-flex\">\n<div class=\"wp-block-column is-layout-flow wp-block-column-is-layout-flow\">\n<p>PAO<\/p>\n\n\n\n<ul><li>Indesign<\/li><li>Photoshop<\/li><li>Illustrator<\/li><li>Acrobat<\/li><li>Lightroom<\/li><\/ul>\n\n\n\n<p>Vid\u00e9o<\/p>\n\n\n\n<ul><li>Premi\u00e8re<\/li><li>After Effects<\/li><li>Final Cut Pro X<\/li><li>Wirecast<\/li><li>\u2022DaVinci<\/li><\/ul>\n\n\n\n<p>Bureautique<\/p>\n\n\n\n<ul><li>Word<\/li><li>Excel<\/li><li>PowerPoint<\/li><li>Filemaker Pro<\/li><\/ul>\n<\/div>\n\n\n\n<div class=\"wp-block-column is-layout-flow wp-block-column-is-layout-flow\">\n<p>3D<\/p>\n\n\n\n<ul><li>AutoCad<\/li><\/ul>\n\n\n\n<p>Langages informatiques<\/p>\n\n\n\n<ul><li>PHP<\/li><li>mySql<\/li><\/ul>\n\n\n\n<p>Syst\u00e8mes d&rsquo;exploitation<\/p>\n\n\n\n<ul><li>Mac OS<\/li><li>Windows<\/li><li>Linux<\/li><\/ul>\n<\/div>\n<\/div>\n","protected":false},"excerpt":{"rendered":"<p>J&rsquo;utilise et je ma\u00eetrise \u00e0 des degr\u00e9s divers, les logiciels suivants PAO Indesign Photoshop Illustrator Acrobat Lightroom Vid\u00e9o Premi\u00e8re After Effects Final Cut Pro X Wirecast \u2022DaVinci Bureautique Word Excel PowerPoint Filemaker Pro 3D AutoCad Langages informatiques PHP mySql Syst\u00e8mes d&rsquo;exploitation Mac OS Windows Linux<\/p>\n","protected":false},"author":1,"featured_media":0,"parent":0,"menu_order":3,"comment_status":"closed","ping_status":"open","template":"","meta":{"_exactmetrics_skip_tracking":false,"_exactmetrics_sitenote_active":false,"_exactmetrics_sitenote_note":"","_exactmetrics_sitenote_category":0,"footnotes":""},"_links":{"self":[{"href":"https:\/\/dev0.vincentgirard.fr\/index.php?rest_route=\/wp\/v2\/pages\/7011"}],"collection":[{"href":"https:\/\/dev0.vincentgirard.fr\/index.php?rest_route=\/wp\/v2\/pages"}],"about":[{"href":"https:\/\/dev0.vincentgirard.fr\/index.php?rest_route=\/wp\/v2\/types\/page"}],"author":[{"embeddable":true,"href":"https:\/\/dev0.vincentgirard.fr\/index.php?rest_route=\/wp\/v2\/users\/1"}],"replies":[{"embeddable":true,"href":"https:\/\/dev0.vincentgirard.fr\/index.php?rest_route=%2Fwp%2Fv2%2Fcomments&post=7011"}],"version-history":[{"count":1,"href":"https:\/\/dev0.vincentgirard.fr\/index.php?rest_route=\/wp\/v2\/pages\/7011\/revisions"}],"predecessor-version":[{"id":7819,"href":"https:\/\/dev0.vincentgirard.fr\/index.php?rest_route=\/wp\/v2\/pages\/7011\/revisions\/7819"}],"wp:attachment":[{"href":"https:\/\/dev0.vincentgirard.fr\/index.php?rest_route=%2Fwp%2Fv2%2Fmedia&parent=7011"}],"curies":[{"name":"wp","href":"https:\/\/api.w.org\/{rel}","templated":true}]}}